{"id":7051,"date":"2022-05-21T12:18:51","date_gmt":"2022-05-21T09:18:51","guid":{"rendered":"http:\/\/www.epsilon-ndt.com\/?page_id=7051"},"modified":"2022-12-14T17:37:17","modified_gmt":"2022-12-14T14:37:17","slug":"bar-inspection-systems","status":"publish","type":"page","link":"https:\/\/www.epsilon-ndt.com\/en\/products\/integrated-inspection-systems\/bar-inspection-systems\/","title":{"rendered":"BAR INSPECTION SYSTEMS"},"content":{"rendered":"\t\t<div data-elementor-type=\"wp-page\" data-elementor-id=\"7051\" class=\"elementor elementor-7051 elementor-3747\">\n\t\t\t\t\t\t\t\t\t<section class=\"elementor-section elementor-top-section elementor-element elementor-element-5835487 elementor-section-boxed elementor-section-height-default elementor-section-height-default\" data-id=\"5835487\" data-element_type=\"section\">\n\t\t\t\t\t\t<div class=\"elementor-container elementor-column-gap-default\">\n\t\t\t\t\t<div class=\"elementor-column elementor-col-100 elementor-top-column elementor-element elementor-element-ddb0e18 ot-flex-column-vertical\" data-id=\"ddb0e18\" data-element_type=\"column\">\n\t\t\t<div class=\"elementor-widget-wrap elementor-element-populated\">\n\t\t\t\t\t\t\t\t<section class=\"elementor-section elementor-inner-section elementor-element elementor-element-b2d3f26 elementor-section-full_width elementor-section-height-default elementor-section-height-default\" data-id=\"b2d3f26\" data-element_type=\"section\">\n\t\t\t\t\t\t<div class=\"elementor-container elementor-column-gap-default\">\n\t\t\t\t\t<div class=\"elementor-column elementor-col-33 elementor-inner-column elementor-element elementor-element-82e163d ot-flex-column-vertical\" data-id=\"82e163d\" data-element_type=\"column\">\n\t\t\t<div class=\"elementor-widget-wrap\">\n\t\t\t\t\t\t\t\t\t<\/div>\n\t\t<\/div>\n\t\t\t\t<div class=\"elementor-column elementor-col-33 elementor-inner-column elementor-element elementor-element-247ad82 ot-flex-column-vertical\" data-id=\"247ad82\" data-element_type=\"column\">\n\t\t\t<div class=\"elementor-widget-wrap elementor-element-populated\">\n\t\t\t\t\t\t\t\t<div class=\"elementor-element elementor-element-95cc886 elementor-widget elementor-widget-iheading\" data-id=\"95cc886\" data-element_type=\"widget\" data-widget_type=\"iheading.default\">\n\t\t\t\t<div class=\"elementor-widget-container\">\n\t\t\t\t\t<div class=\"ot-heading\">\r\n\t        <span class=\"is_highlight\">NDT<\/span>\t        <h3 class=\"main-head\">BAR MUAYENE S\u0130STEMLER\u0130<\/h3>\t    <\/div>\r\n\t    \t\t<\/div>\n\t\t\t\t<\/div>\n\t\t\t\t\t<\/div>\n\t\t<\/div>\n\t\t\t\t<div class=\"elementor-column elementor-col-33 elementor-inner-column elementor-element elementor-element-dc5104d ot-flex-column-vertical\" data-id=\"dc5104d\" data-element_type=\"column\">\n\t\t\t<div class=\"elementor-widget-wrap\">\n\t\t\t\t\t\t\t\t\t<\/div>\n\t\t<\/div>\n\t\t\t\t\t\t\t<\/div>\n\t\t<\/section>\n\t\t\t\t\t<\/div>\n\t\t<\/div>\n\t\t\t\t\t\t\t<\/div>\n\t\t<\/section>\n\t\t\t\t<section class=\"elementor-section elementor-top-section elementor-element elementor-element-f747326 elementor-section-boxed elementor-section-height-default elementor-section-height-default\" data-id=\"f747326\" data-element_type=\"section\">\n\t\t\t\t\t\t<div class=\"elementor-container elementor-column-gap-default\">\n\t\t\t\t\t<div class=\"elementor-column elementor-col-100 elementor-top-column elementor-element elementor-element-8269841 ot-flex-column-vertical\" data-id=\"8269841\" data-element_type=\"column\">\n\t\t\t<div class=\"elementor-widget-wrap elementor-element-populated\">\n\t\t\t\t\t\t\t\t<div class=\"elementor-element elementor-element-7f2f4a1 elementor-widget elementor-widget-ipfilter\" data-id=\"7f2f4a1\" data-element_type=\"widget\" data-widget_type=\"ipfilter.default\">\n\t\t\t\t<div class=\"elementor-widget-container\">\n\t\t\t\r\n\t\t<div class=\"project-filter-wrapper\">\r\n\t\t\t\t\t\t\t        <div class=\"projects-grid pf_3_cols style-1 img-scale\" data-load=\"3\" data-count=\"2\">\r\n\t\t\t<div class=\"grid-sizer\"><\/div>\r\n\t            <div class=\"project-item category-128 category-126 category-96 \">\r\n\t<div class=\"projects-box\">\r\n\t\t<div class=\"projects-thumbnail\" data-src=\"https:\/\/www.epsilon-ndt.com\/wp-content\/uploads\/2022\/05\/basliksiz.jpg\" data-sub-html=\"ROTATING BILLET INSPECTION SYSTEMS\">\r\n\t\t\t<a href=\"https:\/\/www.epsilon-ndt.com\/en\/product\/rotating-billet-inspection-systems\/\">\r\n\t\t\t\t<img loading=\"lazy\" decoding=\"async\" width=\"600\" height=\"600\" src=\"https:\/\/www.epsilon-ndt.com\/wp-content\/uploads\/2022\/05\/basliksiz-600x600.jpg\" class=\"attachment-maxbizz-portfolio-thumbnail-grid size-maxbizz-portfolio-thumbnail-grid wp-post-image\" alt=\"\" srcset=\"https:\/\/www.epsilon-ndt.com\/wp-content\/uploads\/2022\/05\/basliksiz-600x600.jpg 600w, https:\/\/www.epsilon-ndt.com\/wp-content\/uploads\/2022\/05\/basliksiz-300x300.jpg 300w, https:\/\/www.epsilon-ndt.com\/wp-content\/uploads\/2022\/05\/basliksiz-1024x1024.jpg 1024w, https:\/\/www.epsilon-ndt.com\/wp-content\/uploads\/2022\/05\/basliksiz-150x150.jpg 150w, https:\/\/www.epsilon-ndt.com\/wp-content\/uploads\/2022\/05\/basliksiz-768x768.jpg 768w, https:\/\/www.epsilon-ndt.com\/wp-content\/uploads\/2022\/05\/basliksiz-1200x1200.jpg 1200w, https:\/\/www.epsilon-ndt.com\/wp-content\/uploads\/2022\/05\/basliksiz.jpg 1420w\" sizes=\"auto, (max-width: 600px) 100vw, 600px\" \/>\t\t\t<\/a>\r\n\t\t\t<span class=\"overlay\"><i class=\"ot-flaticon-signs\"><\/i><\/span>\r\n\t\t<\/div>\r\n\t\t<div class=\"portfolio-info\">\r\n\t\t\t<a href=\"https:\/\/www.epsilon-ndt.com\/en\/product\/rotating-billet-inspection-systems\/\" class=\"overlay\"><\/a>\r\n\t\t\t<div class=\"portfolio-info-inner\">\r\n\t\t\t\t<a href=\"https:\/\/www.epsilon-ndt.com\/en\/product\/rotating-billet-inspection-systems\/\" class=\"plus\"><i class=\"ot-flaticon-signs\"><\/i><\/a>\r\n\t\t\t\t<h5><a class=\"title-link\" href=\"https:\/\/www.epsilon-ndt.com\/en\/product\/rotating-billet-inspection-systems\/\">ROTATING BILLET INSPECTION SYSTEMS<\/a><\/h5>\r\n\t\t\t\t<p class=\"portfolio-cates\"><span> \/ <\/span><a href=\"https:\/\/www.epsilon-ndt.com\/en\/portfolio-category\/bar-inspection-systems\/\">BAR INSPECTION SYSTEMS<\/a><span> \/ <\/span><a href=\"https:\/\/www.epsilon-ndt.com\/en\/portfolio-category\/integrated-inspection-systems\/\">INTEGRATED INSPECTION SYSTEMS<\/a><span> \/ <\/span><a href=\"https:\/\/www.epsilon-ndt.com\/en\/portfolio-category\/ndt\/\">NDT<\/a><\/p> \r\n\t\t\t<\/div>\r\n\t\t<\/div>\r\n\t<\/div>\r\n<\/div><div class=\"project-item category-128 category-126 category-96 \">\r\n\t<div class=\"projects-box\">\r\n\t\t<div class=\"projects-thumbnail\" data-src=\"https:\/\/www.epsilon-ndt.com\/wp-content\/uploads\/2022\/05\/basliksiz-2.jpg\" data-sub-html=\"PHASED ARRAY\/ EDDY CURRENT ARRAY BAR INSPECTION SYSTEMS\">\r\n\t\t\t<a href=\"https:\/\/www.epsilon-ndt.com\/en\/product\/phased-array-eddy-current-array-bar-inspection-systems\/\">\r\n\t\t\t\t<img loading=\"lazy\" decoding=\"async\" width=\"600\" height=\"600\" src=\"https:\/\/www.epsilon-ndt.com\/wp-content\/uploads\/2022\/05\/basliksiz-2-600x600.jpg\" class=\"attachment-maxbizz-portfolio-thumbnail-grid size-maxbizz-portfolio-thumbnail-grid wp-post-image\" alt=\"\" srcset=\"https:\/\/www.epsilon-ndt.com\/wp-content\/uploads\/2022\/05\/basliksiz-2-600x600.jpg 600w, https:\/\/www.epsilon-ndt.com\/wp-content\/uploads\/2022\/05\/basliksiz-2-300x300.jpg 300w, https:\/\/www.epsilon-ndt.com\/wp-content\/uploads\/2022\/05\/basliksiz-2-1024x1024.jpg 1024w, https:\/\/www.epsilon-ndt.com\/wp-content\/uploads\/2022\/05\/basliksiz-2-150x150.jpg 150w, https:\/\/www.epsilon-ndt.com\/wp-content\/uploads\/2022\/05\/basliksiz-2-768x768.jpg 768w, https:\/\/www.epsilon-ndt.com\/wp-content\/uploads\/2022\/05\/basliksiz-2-1200x1200.jpg 1200w, https:\/\/www.epsilon-ndt.com\/wp-content\/uploads\/2022\/05\/basliksiz-2.jpg 1420w\" sizes=\"auto, (max-width: 600px) 100vw, 600px\" \/>\t\t\t<\/a>\r\n\t\t\t<span class=\"overlay\"><i class=\"ot-flaticon-signs\"><\/i><\/span>\r\n\t\t<\/div>\r\n\t\t<div class=\"portfolio-info\">\r\n\t\t\t<a href=\"https:\/\/www.epsilon-ndt.com\/en\/product\/phased-array-eddy-current-array-bar-inspection-systems\/\" class=\"overlay\"><\/a>\r\n\t\t\t<div class=\"portfolio-info-inner\">\r\n\t\t\t\t<a href=\"https:\/\/www.epsilon-ndt.com\/en\/product\/phased-array-eddy-current-array-bar-inspection-systems\/\" class=\"plus\"><i class=\"ot-flaticon-signs\"><\/i><\/a>\r\n\t\t\t\t<h5><a class=\"title-link\" href=\"https:\/\/www.epsilon-ndt.com\/en\/product\/phased-array-eddy-current-array-bar-inspection-systems\/\">PHASED ARRAY\/ EDDY CURRENT ARRAY BAR INSPECTION SYSTEMS<\/a><\/h5>\r\n\t\t\t\t<p class=\"portfolio-cates\"><span> \/ <\/span><a href=\"https:\/\/www.epsilon-ndt.com\/en\/portfolio-category\/bar-inspection-systems\/\">BAR INSPECTION SYSTEMS<\/a><span> \/ <\/span><a href=\"https:\/\/www.epsilon-ndt.com\/en\/portfolio-category\/integrated-inspection-systems\/\">INTEGRATED INSPECTION SYSTEMS<\/a><span> \/ <\/span><a href=\"https:\/\/www.epsilon-ndt.com\/en\/portfolio-category\/ndt\/\">NDT<\/a><\/p> \r\n\t\t\t<\/div>\r\n\t\t<\/div>\r\n\t<\/div>\r\n<\/div>\t\t\t<\/div>\r\n\r\n\t\t\t\t    <\/div>\r\n\t\t\t\t\t\t\t\t\t\t\r\n\t    \t\t<\/div>\n\t\t\t\t<\/div>\n\t\t\t\t\t<\/div>\n\t\t<\/div>\n\t\t\t\t\t\t\t<\/div>\n\t\t<\/section>\n\t\t\t\t\t\t\t<\/div>\n\t\t","protected":false},"excerpt":{"rendered":"<p>NDT BAR MUAYENE S\u0130STEMLER\u0130 D\u00f6ner Bar Muayene Sistemleri \/ Anahtar Teslim Sistemler \/ BAR MUAYENE S\u0130STEMLER\u0130 \/ Ndt Phased Array\/ Eddy Current Array Bar Muayene Sistemleri \/ Anahtar Teslim Sistemler \/ BAR MUAYENE S\u0130STEMLER\u0130 \/ Ndt<\/p>\n","protected":false},"author":2,"featured_media":0,"parent":5817,"menu_order":0,"comment_status":"closed","ping_status":"closed","template":"","meta":{"footnotes":""},"class_list":["post-7051","page","type-page","status-publish","hentry"],"_links":{"self":[{"href":"https:\/\/www.epsilon-ndt.com\/en\/wp-json\/wp\/v2\/pages\/7051","targetHints":{"allow":["GET"]}}],"collection":[{"href":"https:\/\/www.epsilon-ndt.com\/en\/wp-json\/wp\/v2\/pages"}],"about":[{"href":"https:\/\/www.epsilon-ndt.com\/en\/wp-json\/wp\/v2\/types\/page"}],"author":[{"embeddable":true,"href":"https:\/\/www.epsilon-ndt.com\/en\/wp-json\/wp\/v2\/users\/2"}],"replies":[{"embeddable":true,"href":"https:\/\/www.epsilon-ndt.com\/en\/wp-json\/wp\/v2\/comments?post=7051"}],"version-history":[{"count":1,"href":"https:\/\/www.epsilon-ndt.com\/en\/wp-json\/wp\/v2\/pages\/7051\/revisions"}],"predecessor-version":[{"id":7057,"href":"https:\/\/www.epsilon-ndt.com\/en\/wp-json\/wp\/v2\/pages\/7051\/revisions\/7057"}],"up":[{"embeddable":true,"href":"https:\/\/www.epsilon-ndt.com\/en\/wp-json\/wp\/v2\/pages\/5817"}],"wp:attachment":[{"href":"https:\/\/www.epsilon-ndt.com\/en\/wp-json\/wp\/v2\/media?parent=7051"}],"curies":[{"name":"wp","href":"https:\/\/api.w.org\/{rel}","templated":true}]}}