{"id":5786,"date":"2022-05-21T10:23:00","date_gmt":"2022-05-21T07:23:00","guid":{"rendered":"http:\/\/www.epsilon-ndt.com\/?page_id=5786"},"modified":"2022-12-15T12:56:30","modified_gmt":"2022-12-15T09:56:30","slug":"analyzing-equipments","status":"publish","type":"page","link":"https:\/\/www.epsilon-ndt.com\/en\/products\/analyzing-equipments\/","title":{"rendered":"ANALYZING EQUIPMENTS"},"content":{"rendered":"\t\t<div data-elementor-type=\"wp-page\" data-elementor-id=\"5786\" class=\"elementor elementor-5786 elementor-3443\">\n\t\t\t\t\t\t\t\t\t<section class=\"elementor-section elementor-top-section elementor-element elementor-element-5835487 elementor-section-boxed elementor-section-height-default elementor-section-height-default\" data-id=\"5835487\" data-element_type=\"section\">\n\t\t\t\t\t\t<div class=\"elementor-container elementor-column-gap-default\">\n\t\t\t\t\t<div class=\"elementor-column elementor-col-100 elementor-top-column elementor-element elementor-element-ddb0e18 ot-flex-column-vertical\" data-id=\"ddb0e18\" data-element_type=\"column\">\n\t\t\t<div class=\"elementor-widget-wrap elementor-element-populated\">\n\t\t\t\t\t\t\t\t<section class=\"elementor-section elementor-inner-section elementor-element elementor-element-b2d3f26 elementor-section-full_width elementor-section-height-default elementor-section-height-default\" data-id=\"b2d3f26\" data-element_type=\"section\">\n\t\t\t\t\t\t<div class=\"elementor-container elementor-column-gap-default\">\n\t\t\t\t\t<div class=\"elementor-column elementor-col-33 elementor-inner-column elementor-element elementor-element-82e163d ot-flex-column-vertical\" data-id=\"82e163d\" data-element_type=\"column\">\n\t\t\t<div class=\"elementor-widget-wrap\">\n\t\t\t\t\t\t\t\t\t<\/div>\n\t\t<\/div>\n\t\t\t\t<div class=\"elementor-column elementor-col-33 elementor-inner-column elementor-element elementor-element-247ad82 ot-flex-column-vertical\" data-id=\"247ad82\" data-element_type=\"column\">\n\t\t\t<div class=\"elementor-widget-wrap elementor-element-populated\">\n\t\t\t\t\t\t\t\t<div class=\"elementor-element elementor-element-95cc886 elementor-widget elementor-widget-iheading\" data-id=\"95cc886\" data-element_type=\"widget\" data-widget_type=\"iheading.default\">\n\t\t\t\t<div class=\"elementor-widget-container\">\n\t\t\t\t\t<div class=\"ot-heading\">\r\n\t        <span class=\"is_highlight\">NDT<\/span>\t        <h3 class=\"main-head\">ANALYZING EQUIPMENTS<\/h3>\t    <\/div>\r\n\t    \t\t<\/div>\n\t\t\t\t<\/div>\n\t\t\t\t\t<\/div>\n\t\t<\/div>\n\t\t\t\t<div class=\"elementor-column elementor-col-33 elementor-inner-column elementor-element elementor-element-dc5104d ot-flex-column-vertical\" data-id=\"dc5104d\" data-element_type=\"column\">\n\t\t\t<div class=\"elementor-widget-wrap\">\n\t\t\t\t\t\t\t\t\t<\/div>\n\t\t<\/div>\n\t\t\t\t\t\t\t<\/div>\n\t\t<\/section>\n\t\t\t\t\t<\/div>\n\t\t<\/div>\n\t\t\t\t\t\t\t<\/div>\n\t\t<\/section>\n\t\t\t\t<section class=\"elementor-section elementor-top-section elementor-element elementor-element-be584f1 elementor-section-boxed elementor-section-height-default elementor-section-height-default\" data-id=\"be584f1\" data-element_type=\"section\">\n\t\t\t\t\t\t<div class=\"elementor-container elementor-column-gap-default\">\n\t\t\t\t\t<div class=\"elementor-column elementor-col-33 elementor-top-column elementor-element elementor-element-8f75ddb ot-flex-column-vertical\" data-id=\"8f75ddb\" data-element_type=\"column\">\n\t\t\t<div class=\"elementor-widget-wrap elementor-element-populated\">\n\t\t\t\t\t\t\t\t<div class=\"elementor-element elementor-element-b287dd0 elementor-widget elementor-widget-iimage_box\" data-id=\"b287dd0\" data-element_type=\"widget\" data-widget_type=\"iimage_box.default\">\n\t\t\t\t<div class=\"elementor-widget-container\">\n\t\t\t\r\n\t\t<div class=\"ot-image-box\">\r\n\t\t\t<a href=\"\/en\/products\/ndt\/analyzing-equipments\/optical-emission-spectrometers\/\"><img loading=\"lazy\" decoding=\"async\" width=\"600\" height=\"600\" src=\"https:\/\/www.epsilon-ndt.com\/wp-content\/uploads\/2022\/05\/yeni.jpg\" class=\"attachment-full size-full wp-image-3959\" alt=\"\" srcset=\"https:\/\/www.epsilon-ndt.com\/wp-content\/uploads\/2022\/05\/yeni.jpg 600w, https:\/\/www.epsilon-ndt.com\/wp-content\/uploads\/2022\/05\/yeni-300x300.jpg 300w, https:\/\/www.epsilon-ndt.com\/wp-content\/uploads\/2022\/05\/yeni-150x150.jpg 150w\" sizes=\"auto, (max-width: 600px) 100vw, 600px\" \/><\/a>\t\t\t<div class=\"content-box\">\r\n\t\t\t\t<h5 class=\"title-box\"><a href=\"\/en\/products\/ndt\/analyzing-equipments\/optical-emission-spectrometers\/\">NDT<BR>\nOPTICAL EMISSION SPECTROMETERS<\/a><\/h5>\t\t\t\t\t\t\t<\/div>\r\n\t\t\t<a href=\"\/en\/products\/ndt\/analyzing-equipments\/optical-emission-spectrometers\/\" class=\"link-box font-second\"><span>REVIEW<\/span><i class=\"ot-flaticon-trajectory\"><\/i><\/a>\t    <\/div>\r\n\r\n\t    \t\t<\/div>\n\t\t\t\t<\/div>\n\t\t\t\t\t<\/div>\n\t\t<\/div>\n\t\t\t\t<div class=\"elementor-column elementor-col-33 elementor-top-column elementor-element elementor-element-39221f7 ot-flex-column-vertical\" data-id=\"39221f7\" data-element_type=\"column\">\n\t\t\t<div class=\"elementor-widget-wrap elementor-element-populated\">\n\t\t\t\t\t\t\t\t<div class=\"elementor-element elementor-element-85fb49e elementor-widget elementor-widget-iimage_box\" data-id=\"85fb49e\" data-element_type=\"widget\" data-widget_type=\"iimage_box.default\">\n\t\t\t\t<div class=\"elementor-widget-container\">\n\t\t\t\r\n\t\t<div class=\"ot-image-box\">\r\n\t\t\t<a href=\"\/en\/products\/ndt\/analyzing-equipments\/xrf-spektormetreleri\/\"><img loading=\"lazy\" decoding=\"async\" width=\"600\" height=\"600\" src=\"https:\/\/www.epsilon-ndt.com\/wp-content\/uploads\/2022\/05\/1-2.jpg\" class=\"attachment-full size-full wp-image-3989\" alt=\"\" srcset=\"https:\/\/www.epsilon-ndt.com\/wp-content\/uploads\/2022\/05\/1-2.jpg 600w, https:\/\/www.epsilon-ndt.com\/wp-content\/uploads\/2022\/05\/1-2-300x300.jpg 300w, https:\/\/www.epsilon-ndt.com\/wp-content\/uploads\/2022\/05\/1-2-150x150.jpg 150w\" sizes=\"auto, (max-width: 600px) 100vw, 600px\" \/><\/a>\t\t\t<div class=\"content-box\">\r\n\t\t\t\t<h5 class=\"title-box\"><a href=\"\/en\/products\/ndt\/analyzing-equipments\/xrf-spektormetreleri\/\">NDT<BR>\nXRF SPEKTROMETRELER\u0130<\/a><\/h5>\t\t\t\t\t\t\t<\/div>\r\n\t\t\t<a href=\"\/en\/products\/ndt\/analyzing-equipments\/xrf-spektormetreleri\/\" class=\"link-box font-second\"><span>REVIEW<\/span><i class=\"ot-flaticon-trajectory\"><\/i><\/a>\t    <\/div>\r\n\r\n\t    \t\t<\/div>\n\t\t\t\t<\/div>\n\t\t\t\t\t<\/div>\n\t\t<\/div>\n\t\t\t\t<div class=\"elementor-column elementor-col-33 elementor-top-column elementor-element elementor-element-309da61 ot-flex-column-vertical\" data-id=\"309da61\" data-element_type=\"column\">\n\t\t\t<div class=\"elementor-widget-wrap elementor-element-populated\">\n\t\t\t\t\t\t\t\t<div class=\"elementor-element elementor-element-cba8669 elementor-widget elementor-widget-iimage_box\" data-id=\"cba8669\" data-element_type=\"widget\" data-widget_type=\"iimage_box.default\">\n\t\t\t\t<div class=\"elementor-widget-container\">\n\t\t\t\r\n\t\t<div class=\"ot-image-box\">\r\n\t\t\t<a href=\"\/urunler\/ndt\/analitik-cihazlar\/portatif-libs-spektrometreleri\/\"><img loading=\"lazy\" decoding=\"async\" width=\"600\" height=\"600\" src=\"https:\/\/www.epsilon-ndt.com\/wp-content\/uploads\/2022\/05\/5.jpg\" class=\"attachment-full size-full wp-image-3950\" alt=\"\" srcset=\"https:\/\/www.epsilon-ndt.com\/wp-content\/uploads\/2022\/05\/5.jpg 600w, https:\/\/www.epsilon-ndt.com\/wp-content\/uploads\/2022\/05\/5-300x300.jpg 300w, https:\/\/www.epsilon-ndt.com\/wp-content\/uploads\/2022\/05\/5-150x150.jpg 150w\" sizes=\"auto, (max-width: 600px) 100vw, 600px\" \/><\/a>\t\t\t<div class=\"content-box\">\r\n\t\t\t\t<h5 class=\"title-box\"><a href=\"\/urunler\/ndt\/analitik-cihazlar\/portatif-libs-spektrometreleri\/\">NDT<BR>PORTAT\u0130F LIBS SPEKTROMETRELER\u0130<\/a><\/h5>\t\t\t\t\t\t\t<\/div>\r\n\t\t\t<a href=\"\/urunler\/ndt\/analitik-cihazlar\/portatif-libs-spektrometreleri\/\" class=\"link-box font-second\"><span>REVIEW<\/span><i class=\"ot-flaticon-trajectory\"><\/i><\/a>\t    <\/div>\r\n\r\n\t    \t\t<\/div>\n\t\t\t\t<\/div>\n\t\t\t\t\t<\/div>\n\t\t<\/div>\n\t\t\t\t\t\t\t<\/div>\n\t\t<\/section>\n\t\t\t\t<section class=\"elementor-section elementor-top-section elementor-element elementor-element-864e69b elementor-section-boxed elementor-section-height-default elementor-section-height-default\" data-id=\"864e69b\" data-element_type=\"section\">\n\t\t\t\t\t\t<div class=\"elementor-container elementor-column-gap-default\">\n\t\t\t\t\t<div class=\"elementor-column elementor-col-33 elementor-top-column elementor-element elementor-element-f079d86 ot-flex-column-vertical\" data-id=\"f079d86\" data-element_type=\"column\">\n\t\t\t<div class=\"elementor-widget-wrap elementor-element-populated\">\n\t\t\t\t\t\t\t\t<div class=\"elementor-element elementor-element-44c59bf elementor-widget elementor-widget-iimage_box\" data-id=\"44c59bf\" data-element_type=\"widget\" data-widget_type=\"iimage_box.default\">\n\t\t\t\t<div class=\"elementor-widget-container\">\n\t\t\t\r\n\t\t<div class=\"ot-image-box\">\r\n\t\t\t<a href=\"\/urunler\/ndt\/analitik-cihazlar\/xrd-spektrometreleri\/\"><img loading=\"lazy\" decoding=\"async\" width=\"600\" height=\"600\" src=\"https:\/\/www.epsilon-ndt.com\/wp-content\/uploads\/2022\/05\/5.jpg\" class=\"attachment-full size-full wp-image-3950\" alt=\"\" srcset=\"https:\/\/www.epsilon-ndt.com\/wp-content\/uploads\/2022\/05\/5.jpg 600w, https:\/\/www.epsilon-ndt.com\/wp-content\/uploads\/2022\/05\/5-300x300.jpg 300w, https:\/\/www.epsilon-ndt.com\/wp-content\/uploads\/2022\/05\/5-150x150.jpg 150w\" sizes=\"auto, (max-width: 600px) 100vw, 600px\" \/><\/a>\t\t\t<div class=\"content-box\">\r\n\t\t\t\t<h5 class=\"title-box\"><a href=\"\/urunler\/ndt\/analitik-cihazlar\/xrd-spektrometreleri\/\">NDT<BR>\nXRD SPEKTROMETRELER<\/a><\/h5>\t\t\t\t\t\t\t<\/div>\r\n\t\t\t<a href=\"\/urunler\/ndt\/analitik-cihazlar\/xrd-spektrometreleri\/\" class=\"link-box font-second\"><span>REVIEW<\/span><i class=\"ot-flaticon-trajectory\"><\/i><\/a>\t    <\/div>\r\n\r\n\t    \t\t<\/div>\n\t\t\t\t<\/div>\n\t\t\t\t\t<\/div>\n\t\t<\/div>\n\t\t\t\t<div class=\"elementor-column elementor-col-33 elementor-top-column elementor-element elementor-element-3f272b1 ot-flex-column-vertical\" data-id=\"3f272b1\" data-element_type=\"column\">\n\t\t\t<div class=\"elementor-widget-wrap\">\n\t\t\t\t\t\t\t\t\t<\/div>\n\t\t<\/div>\n\t\t\t\t<div class=\"elementor-column elementor-col-33 elementor-top-column elementor-element elementor-element-3abcb46 ot-flex-column-vertical\" data-id=\"3abcb46\" data-element_type=\"column\">\n\t\t\t<div class=\"elementor-widget-wrap\">\n\t\t\t\t\t\t\t\t\t<\/div>\n\t\t<\/div>\n\t\t\t\t\t\t\t<\/div>\n\t\t<\/section>\n\t\t\t\t\t\t\t<\/div>\n\t\t","protected":false},"excerpt":{"rendered":"<p>NDT ANALYZING EQUIPMENTS NDT OPTICAL EMISSION SPECTROMETERS REVIEW NDT XRF SPEKTROMETRELER\u0130 REVIEW NDTPORTAT\u0130F LIBS SPEKTROMETRELER\u0130 REVIEW NDT XRD SPEKTROMETRELER REVIEW<\/p>\n","protected":false},"author":1,"featured_media":0,"parent":5693,"menu_order":0,"comment_status":"closed","ping_status":"closed","template":"","meta":{"footnotes":""},"class_list":["post-5786","page","type-page","status-publish","hentry"],"_links":{"self":[{"href":"https:\/\/www.epsilon-ndt.com\/en\/wp-json\/wp\/v2\/pages\/5786","targetHints":{"allow":["GET"]}}],"collection":[{"href":"https:\/\/www.epsilon-ndt.com\/en\/wp-json\/wp\/v2\/pages"}],"about":[{"href":"https:\/\/www.epsilon-ndt.com\/en\/wp-json\/wp\/v2\/types\/page"}],"author":[{"embeddable":true,"href":"https:\/\/www.epsilon-ndt.com\/en\/wp-json\/wp\/v2\/users\/1"}],"replies":[{"embeddable":true,"href":"https:\/\/www.epsilon-ndt.com\/en\/wp-json\/wp\/v2\/comments?post=5786"}],"version-history":[{"count":22,"href":"https:\/\/www.epsilon-ndt.com\/en\/wp-json\/wp\/v2\/pages\/5786\/revisions"}],"predecessor-version":[{"id":7178,"href":"https:\/\/www.epsilon-ndt.com\/en\/wp-json\/wp\/v2\/pages\/5786\/revisions\/7178"}],"up":[{"embeddable":true,"href":"https:\/\/www.epsilon-ndt.com\/en\/wp-json\/wp\/v2\/pages\/5693"}],"wp:attachment":[{"href":"https:\/\/www.epsilon-ndt.com\/en\/wp-json\/wp\/v2\/media?parent=5786"}],"curies":[{"name":"wp","href":"https:\/\/api.w.org\/{rel}","templated":true}]}}