{"id":5701,"date":"2022-05-18T10:58:02","date_gmt":"2022-05-18T07:58:02","guid":{"rendered":"http:\/\/www.epsilon-ndt.com\/?page_id=5701"},"modified":"2023-08-17T15:21:46","modified_gmt":"2023-08-17T12:21:46","slug":"ndt","status":"publish","type":"page","link":"https:\/\/www.epsilon-ndt.com\/en\/products\/ndt\/","title":{"rendered":"NDT"},"content":{"rendered":"\t\t<div data-elementor-type=\"wp-page\" data-elementor-id=\"5701\" class=\"elementor elementor-5701 elementor-3412\">\n\t\t\t\t\t\t\t\t\t<section class=\"elementor-section elementor-top-section elementor-element elementor-element-28b50b4 elementor-section-boxed elementor-section-height-default elementor-section-height-default\" data-id=\"28b50b4\" data-element_type=\"section\">\n\t\t\t\t\t\t<div class=\"elementor-container elementor-column-gap-default\">\n\t\t\t\t\t<div class=\"elementor-column elementor-col-100 elementor-top-column elementor-element elementor-element-b53924e ot-flex-column-vertical\" data-id=\"b53924e\" data-element_type=\"column\">\n\t\t\t<div class=\"elementor-widget-wrap elementor-element-populated\">\n\t\t\t\t\t\t\t\t<section class=\"elementor-section elementor-inner-section elementor-element elementor-element-3ac6e74 elementor-section-full_width elementor-section-height-default elementor-section-height-default\" data-id=\"3ac6e74\" data-element_type=\"section\">\n\t\t\t\t\t\t<div class=\"elementor-container elementor-column-gap-default\">\n\t\t\t\t\t<div class=\"elementor-column elementor-col-33 elementor-inner-column elementor-element elementor-element-bf6b506 ot-flex-column-vertical\" data-id=\"bf6b506\" data-element_type=\"column\">\n\t\t\t<div class=\"elementor-widget-wrap\">\n\t\t\t\t\t\t\t\t\t<\/div>\n\t\t<\/div>\n\t\t\t\t<div class=\"elementor-column elementor-col-33 elementor-inner-column elementor-element elementor-element-a011b84 ot-flex-column-vertical\" data-id=\"a011b84\" data-element_type=\"column\">\n\t\t\t<div class=\"elementor-widget-wrap elementor-element-populated\">\n\t\t\t\t\t\t\t\t<div class=\"elementor-element elementor-element-7096e6d elementor-widget elementor-widget-iheading\" data-id=\"7096e6d\" data-element_type=\"widget\" data-widget_type=\"iheading.default\">\n\t\t\t\t<div class=\"elementor-widget-container\">\n\t\t\t\t\t<div class=\"ot-heading\">\r\n\t        <span class=\"is_highlight\">NDT<\/span>\t        <h3 class=\"main-head\">NDT<\/h3>\t    <\/div>\r\n\t    \t\t<\/div>\n\t\t\t\t<\/div>\n\t\t\t\t\t<\/div>\n\t\t<\/div>\n\t\t\t\t<div class=\"elementor-column elementor-col-33 elementor-inner-column elementor-element elementor-element-c5b0542 ot-flex-column-vertical\" data-id=\"c5b0542\" data-element_type=\"column\">\n\t\t\t<div class=\"elementor-widget-wrap\">\n\t\t\t\t\t\t\t\t\t<\/div>\n\t\t<\/div>\n\t\t\t\t\t\t\t<\/div>\n\t\t<\/section>\n\t\t\t\t\t<\/div>\n\t\t<\/div>\n\t\t\t\t\t\t\t<\/div>\n\t\t<\/section>\n\t\t\t\t<section class=\"elementor-section elementor-top-section elementor-element elementor-element-e766579 elementor-section-boxed elementor-section-height-default elementor-section-height-default\" data-id=\"e766579\" data-element_type=\"section\">\n\t\t\t\t\t\t<div class=\"elementor-container elementor-column-gap-default\">\n\t\t\t\t\t<div class=\"elementor-column elementor-col-33 elementor-top-column elementor-element elementor-element-f6dff3f ot-flex-column-vertical\" data-id=\"f6dff3f\" data-element_type=\"column\">\n\t\t\t<div class=\"elementor-widget-wrap elementor-element-populated\">\n\t\t\t\t\t\t\t\t<div class=\"elementor-element elementor-element-c32245a elementor-widget elementor-widget-iimage_box\" data-id=\"c32245a\" data-element_type=\"widget\" data-widget_type=\"iimage_box.default\">\n\t\t\t\t<div class=\"elementor-widget-container\">\n\t\t\t\r\n\t\t<div class=\"ot-image-box\">\r\n\t\t\t<a href=\"https:\/\/www.epsilon-ndt.com\/en\/products\/ndt\/ultrasonic-flaw-detectors\/\"><img loading=\"lazy\" decoding=\"async\" width=\"800\" height=\"800\" src=\"https:\/\/www.epsilon-ndt.com\/wp-content\/uploads\/2023\/08\/DPR300v2.png\" class=\"attachment-full size-full wp-image-7960\" alt=\"\" srcset=\"https:\/\/www.epsilon-ndt.com\/wp-content\/uploads\/2023\/08\/DPR300v2.png 800w, https:\/\/www.epsilon-ndt.com\/wp-content\/uploads\/2023\/08\/DPR300v2-300x300.png 300w, https:\/\/www.epsilon-ndt.com\/wp-content\/uploads\/2023\/08\/DPR300v2-150x150.png 150w, https:\/\/www.epsilon-ndt.com\/wp-content\/uploads\/2023\/08\/DPR300v2-768x768.png 768w, https:\/\/www.epsilon-ndt.com\/wp-content\/uploads\/2023\/08\/DPR300v2-600x600.png 600w\" sizes=\"auto, (max-width: 800px) 100vw, 800px\" \/><\/a>\t\t\t<div class=\"content-box\">\r\n\t\t\t\t<h5 class=\"title-box\"><a href=\"https:\/\/www.epsilon-ndt.com\/en\/products\/ndt\/ultrasonic-flaw-detectors\/\">NDT<BR>\nULTRASONIC FLAW DETECTORS <\/a><\/h5>\t\t\t\t\t\t\t<\/div>\r\n\t\t\t<a href=\"https:\/\/www.epsilon-ndt.com\/en\/products\/ndt\/ultrasonic-flaw-detectors\/\" class=\"link-box font-second\"><span>REV\u0130EW<\/span><i class=\"ot-flaticon-trajectory\"><\/i><\/a>\t    <\/div>\r\n\r\n\t    \t\t<\/div>\n\t\t\t\t<\/div>\n\t\t\t\t\t<\/div>\n\t\t<\/div>\n\t\t\t\t<div class=\"elementor-column elementor-col-33 elementor-top-column elementor-element elementor-element-12bfdc4 ot-flex-column-vertical\" data-id=\"12bfdc4\" data-element_type=\"column\">\n\t\t\t<div class=\"elementor-widget-wrap elementor-element-populated\">\n\t\t\t\t\t\t\t\t<div class=\"elementor-element elementor-element-42699b2 elementor-widget elementor-widget-iimage_box\" data-id=\"42699b2\" data-element_type=\"widget\" data-widget_type=\"iimage_box.default\">\n\t\t\t\t<div class=\"elementor-widget-container\">\n\t\t\t\r\n\t\t<div class=\"ot-image-box\">\r\n\t\t\t<a href=\"\/en\/products\/ndt\/visual-inspection\/\"><img loading=\"lazy\" decoding=\"async\" width=\"600\" height=\"600\" src=\"https:\/\/www.epsilon-ndt.com\/wp-content\/uploads\/2022\/05\/4.jpg\" class=\"attachment-full size-full wp-image-3949\" alt=\"\" srcset=\"https:\/\/www.epsilon-ndt.com\/wp-content\/uploads\/2022\/05\/4.jpg 600w, https:\/\/www.epsilon-ndt.com\/wp-content\/uploads\/2022\/05\/4-300x300.jpg 300w, https:\/\/www.epsilon-ndt.com\/wp-content\/uploads\/2022\/05\/4-150x150.jpg 150w\" sizes=\"auto, (max-width: 600px) 100vw, 600px\" \/><\/a>\t\t\t<div class=\"content-box\">\r\n\t\t\t\t<h5 class=\"title-box\"><a href=\"\/en\/products\/ndt\/visual-inspection\/\">NDT<BR>\nVISUAL INSPECTION<\/a><\/h5>\t\t\t\t\t\t\t<\/div>\r\n\t\t\t<a href=\"\/en\/products\/ndt\/visual-inspection\/\" class=\"link-box font-second\"><span>REV\u0130EW<\/span><i class=\"ot-flaticon-trajectory\"><\/i><\/a>\t    <\/div>\r\n\r\n\t    \t\t<\/div>\n\t\t\t\t<\/div>\n\t\t\t\t\t<\/div>\n\t\t<\/div>\n\t\t\t\t<div class=\"elementor-column elementor-col-33 elementor-top-column elementor-element elementor-element-5ad5021 ot-flex-column-vertical\" data-id=\"5ad5021\" data-element_type=\"column\">\n\t\t\t<div class=\"elementor-widget-wrap elementor-element-populated\">\n\t\t\t\t\t\t\t\t<div class=\"elementor-element elementor-element-662facf elementor-widget elementor-widget-iimage_box\" data-id=\"662facf\" data-element_type=\"widget\" data-widget_type=\"iimage_box.default\">\n\t\t\t\t<div class=\"elementor-widget-container\">\n\t\t\t\r\n\t\t<div class=\"ot-image-box\">\r\n\t\t\t<a href=\"\/en\/products\/ndt\/analyzing-equipments\/\"><img loading=\"lazy\" decoding=\"async\" width=\"600\" height=\"600\" src=\"https:\/\/www.epsilon-ndt.com\/wp-content\/uploads\/2022\/05\/yeni.jpg\" class=\"attachment-full size-full wp-image-3959\" alt=\"\" srcset=\"https:\/\/www.epsilon-ndt.com\/wp-content\/uploads\/2022\/05\/yeni.jpg 600w, https:\/\/www.epsilon-ndt.com\/wp-content\/uploads\/2022\/05\/yeni-300x300.jpg 300w, https:\/\/www.epsilon-ndt.com\/wp-content\/uploads\/2022\/05\/yeni-150x150.jpg 150w\" sizes=\"auto, (max-width: 600px) 100vw, 600px\" \/><\/a>\t\t\t<div class=\"content-box\">\r\n\t\t\t\t<h5 class=\"title-box\"><a href=\"\/en\/products\/ndt\/analyzing-equipments\/\">NDT<BR>ANALYZING EQUIPMENTS\n<\/a><\/h5>\t\t\t\t\t\t\t<\/div>\r\n\t\t\t<a href=\"\/en\/products\/ndt\/analyzing-equipments\/\" class=\"link-box font-second\"><span>REV\u0130EW<\/span><i class=\"ot-flaticon-trajectory\"><\/i><\/a>\t    <\/div>\r\n\r\n\t    \t\t<\/div>\n\t\t\t\t<\/div>\n\t\t\t\t\t<\/div>\n\t\t<\/div>\n\t\t\t\t\t\t\t<\/div>\n\t\t<\/section>\n\t\t\t\t<section class=\"elementor-section elementor-top-section elementor-element elementor-element-de4679e elementor-section-boxed elementor-section-height-default elementor-section-height-default\" data-id=\"de4679e\" data-element_type=\"section\">\n\t\t\t\t\t\t<div class=\"elementor-container elementor-column-gap-default\">\n\t\t\t\t\t<div class=\"elementor-column elementor-col-33 elementor-top-column elementor-element elementor-element-628103e ot-flex-column-vertical\" data-id=\"628103e\" data-element_type=\"column\">\n\t\t\t<div class=\"elementor-widget-wrap elementor-element-populated\">\n\t\t\t\t\t\t\t\t<div class=\"elementor-element elementor-element-77aceb9 elementor-widget elementor-widget-iimage_box\" data-id=\"77aceb9\" data-element_type=\"widget\" data-widget_type=\"iimage_box.default\">\n\t\t\t\t<div class=\"elementor-widget-container\">\n\t\t\t\r\n\t\t<div class=\"ot-image-box\">\r\n\t\t\t<a href=\"#\"><img loading=\"lazy\" decoding=\"async\" width=\"600\" height=\"600\" src=\"https:\/\/www.epsilon-ndt.com\/wp-content\/uploads\/2022\/05\/5.jpg\" class=\"attachment-full size-full wp-image-5580\" alt=\"\" srcset=\"https:\/\/www.epsilon-ndt.com\/wp-content\/uploads\/2022\/05\/5.jpg 600w, https:\/\/www.epsilon-ndt.com\/wp-content\/uploads\/2022\/05\/5-300x300.jpg 300w, https:\/\/www.epsilon-ndt.com\/wp-content\/uploads\/2022\/05\/5-150x150.jpg 150w\" sizes=\"auto, (max-width: 600px) 100vw, 600px\" \/><\/a>\t\t\t<div class=\"content-box\">\r\n\t\t\t\t<h5 class=\"title-box\"><a href=\"#\">NDT<BR>\nEDDY CURRENT FLAW DETECTOR<\/a><\/h5>\t\t\t\t\t\t\t<\/div>\r\n\t\t\t<a href=\"#\" class=\"link-box font-second\"><span>REV\u0130EW<\/span><i class=\"ot-flaticon-trajectory\"><\/i><\/a>\t    <\/div>\r\n\r\n\t    \t\t<\/div>\n\t\t\t\t<\/div>\n\t\t\t\t\t<\/div>\n\t\t<\/div>\n\t\t\t\t<div class=\"elementor-column elementor-col-33 elementor-top-column elementor-element elementor-element-565a8e8 ot-flex-column-vertical\" data-id=\"565a8e8\" data-element_type=\"column\">\n\t\t\t<div class=\"elementor-widget-wrap elementor-element-populated\">\n\t\t\t\t\t\t\t\t<div class=\"elementor-element elementor-element-2cb2781 elementor-widget elementor-widget-iimage_box\" data-id=\"2cb2781\" data-element_type=\"widget\" data-widget_type=\"iimage_box.default\">\n\t\t\t\t<div class=\"elementor-widget-container\">\n\t\t\t\r\n\t\t<div class=\"ot-image-box\">\r\n\t\t\t<a href=\"\/en\/products\/ndt\/radiographic-shooting-and-imaging-systems\/\"><img loading=\"lazy\" decoding=\"async\" width=\"600\" height=\"600\" src=\"https:\/\/www.epsilon-ndt.com\/wp-content\/uploads\/2022\/05\/9.jpg\" class=\"attachment-full size-full wp-image-3954\" alt=\"\" srcset=\"https:\/\/www.epsilon-ndt.com\/wp-content\/uploads\/2022\/05\/9.jpg 600w, https:\/\/www.epsilon-ndt.com\/wp-content\/uploads\/2022\/05\/9-300x300.jpg 300w, https:\/\/www.epsilon-ndt.com\/wp-content\/uploads\/2022\/05\/9-150x150.jpg 150w\" sizes=\"auto, (max-width: 600px) 100vw, 600px\" \/><\/a>\t\t\t<div class=\"content-box\">\r\n\t\t\t\t<h5 class=\"title-box\"><a href=\"\/en\/products\/ndt\/radiographic-shooting-and-imaging-systems\/\">NDT<BR>\nRADIOGRAPHIC SHOOTING AND IMAGING SYSTEMS<\/a><\/h5>\t\t\t\t\t\t\t<\/div>\r\n\t\t\t<a href=\"\/en\/products\/ndt\/radiographic-shooting-and-imaging-systems\/\" class=\"link-box font-second\"><span>REV\u0130EW<\/span><i class=\"ot-flaticon-trajectory\"><\/i><\/a>\t    <\/div>\r\n\r\n\t    \t\t<\/div>\n\t\t\t\t<\/div>\n\t\t\t\t\t<\/div>\n\t\t<\/div>\n\t\t\t\t<div class=\"elementor-column elementor-col-33 elementor-top-column elementor-element elementor-element-a7b39db ot-flex-column-vertical\" data-id=\"a7b39db\" data-element_type=\"column\">\n\t\t\t<div class=\"elementor-widget-wrap elementor-element-populated\">\n\t\t\t\t\t\t\t\t<div class=\"elementor-element elementor-element-aaa34a4 elementor-widget elementor-widget-iimage_box\" data-id=\"aaa34a4\" data-element_type=\"widget\" data-widget_type=\"iimage_box.default\">\n\t\t\t\t<div class=\"elementor-widget-container\">\n\t\t\t\r\n\t\t<div class=\"ot-image-box\">\r\n\t\t\t<a href=\"\/en\/products\/ndt\/radiation-measurement-systems\/\"><img loading=\"lazy\" decoding=\"async\" width=\"600\" height=\"600\" src=\"https:\/\/www.epsilon-ndt.com\/wp-content\/uploads\/2022\/05\/8.jpg\" class=\"attachment-full size-full wp-image-3953\" alt=\"\" srcset=\"https:\/\/www.epsilon-ndt.com\/wp-content\/uploads\/2022\/05\/8.jpg 600w, https:\/\/www.epsilon-ndt.com\/wp-content\/uploads\/2022\/05\/8-300x300.jpg 300w, https:\/\/www.epsilon-ndt.com\/wp-content\/uploads\/2022\/05\/8-150x150.jpg 150w\" sizes=\"auto, (max-width: 600px) 100vw, 600px\" \/><\/a>\t\t\t<div class=\"content-box\">\r\n\t\t\t\t<h5 class=\"title-box\"><a href=\"\/en\/products\/ndt\/radiation-measurement-systems\/\">NDT<BR>RADIATION MEASUREMENT SYSTEMS <\/a><\/h5>\t\t\t\t\t\t\t<\/div>\r\n\t\t\t<a href=\"\/en\/products\/ndt\/radiation-measurement-systems\/\" class=\"link-box font-second\"><span>REV\u0130EW<\/span><i class=\"ot-flaticon-trajectory\"><\/i><\/a>\t    <\/div>\r\n\r\n\t    \t\t<\/div>\n\t\t\t\t<\/div>\n\t\t\t\t\t<\/div>\n\t\t<\/div>\n\t\t\t\t\t\t\t<\/div>\n\t\t<\/section>\n\t\t\t\t<section class=\"elementor-section elementor-top-section elementor-element elementor-element-8e82149 elementor-section-boxed elementor-section-height-default elementor-section-height-default\" data-id=\"8e82149\" data-element_type=\"section\">\n\t\t\t\t\t\t<div class=\"elementor-container elementor-column-gap-default\">\n\t\t\t\t\t<div class=\"elementor-column elementor-col-33 elementor-top-column elementor-element elementor-element-2f380fb ot-flex-column-vertical\" data-id=\"2f380fb\" data-element_type=\"column\">\n\t\t\t<div class=\"elementor-widget-wrap elementor-element-populated\">\n\t\t\t\t\t\t\t\t<div class=\"elementor-element elementor-element-29551f1 elementor-widget elementor-widget-iimage_box\" data-id=\"29551f1\" data-element_type=\"widget\" data-widget_type=\"iimage_box.default\">\n\t\t\t\t<div class=\"elementor-widget-container\">\n\t\t\t\r\n\t\t<div class=\"ot-image-box\">\r\n\t\t\t<a href=\"\/en\/products\/ndt\/magnetic-particle-test-equipments\/\"><img loading=\"lazy\" decoding=\"async\" width=\"600\" height=\"600\" src=\"https:\/\/www.epsilon-ndt.com\/wp-content\/uploads\/2022\/05\/yeni-3.jpg\" class=\"attachment-full size-full wp-image-3961\" alt=\"\" srcset=\"https:\/\/www.epsilon-ndt.com\/wp-content\/uploads\/2022\/05\/yeni-3.jpg 600w, https:\/\/www.epsilon-ndt.com\/wp-content\/uploads\/2022\/05\/yeni-3-300x300.jpg 300w, https:\/\/www.epsilon-ndt.com\/wp-content\/uploads\/2022\/05\/yeni-3-150x150.jpg 150w\" sizes=\"auto, (max-width: 600px) 100vw, 600px\" \/><\/a>\t\t\t<div class=\"content-box\">\r\n\t\t\t\t<h5 class=\"title-box\"><a href=\"\/en\/products\/ndt\/magnetic-particle-test-equipments\/\">NDT<BR>\nMAGNETIC PARTICLE TEST EQUIPMENTS<\/a><\/h5>\t\t\t\t\t\t\t<\/div>\r\n\t\t\t<a href=\"\/en\/products\/ndt\/magnetic-particle-test-equipments\/\" class=\"link-box font-second\"><span>REV\u0130EW<\/span><i class=\"ot-flaticon-trajectory\"><\/i><\/a>\t    <\/div>\r\n\r\n\t    \t\t<\/div>\n\t\t\t\t<\/div>\n\t\t\t\t\t<\/div>\n\t\t<\/div>\n\t\t\t\t<div class=\"elementor-column elementor-col-33 elementor-top-column elementor-element elementor-element-cdc6479 ot-flex-column-vertical\" data-id=\"cdc6479\" data-element_type=\"column\">\n\t\t\t<div class=\"elementor-widget-wrap elementor-element-populated\">\n\t\t\t\t\t\t\t\t<div class=\"elementor-element elementor-element-1ac85df elementor-widget elementor-widget-iimage_box\" data-id=\"1ac85df\" data-element_type=\"widget\" data-widget_type=\"iimage_box.default\">\n\t\t\t\t<div class=\"elementor-widget-container\">\n\t\t\t\r\n\t\t<div class=\"ot-image-box\">\r\n\t\t\t<a href=\"\/en\/products\/ndt\/portable-hardness-tester\/\"><img loading=\"lazy\" decoding=\"async\" width=\"600\" height=\"600\" src=\"https:\/\/www.epsilon-ndt.com\/wp-content\/uploads\/2022\/05\/7.jpg\" class=\"attachment-full size-full wp-image-3952\" alt=\"\" srcset=\"https:\/\/www.epsilon-ndt.com\/wp-content\/uploads\/2022\/05\/7.jpg 600w, https:\/\/www.epsilon-ndt.com\/wp-content\/uploads\/2022\/05\/7-300x300.jpg 300w, https:\/\/www.epsilon-ndt.com\/wp-content\/uploads\/2022\/05\/7-150x150.jpg 150w\" sizes=\"auto, (max-width: 600px) 100vw, 600px\" \/><\/a>\t\t\t<div class=\"content-box\">\r\n\t\t\t\t<h5 class=\"title-box\"><a href=\"\/en\/products\/ndt\/portable-hardness-tester\/\">NDT<BR>\nPORTABLE HARDNESS TESTER<\/a><\/h5>\t\t\t\t\t\t\t<\/div>\r\n\t\t\t<a href=\"\/en\/products\/ndt\/portable-hardness-tester\/\" class=\"link-box font-second\"><span>REV\u0130EW<\/span><i class=\"ot-flaticon-trajectory\"><\/i><\/a>\t    <\/div>\r\n\r\n\t    \t\t<\/div>\n\t\t\t\t<\/div>\n\t\t\t\t\t<\/div>\n\t\t<\/div>\n\t\t\t\t<div class=\"elementor-column elementor-col-33 elementor-top-column elementor-element elementor-element-370ce3c ot-flex-column-vertical\" data-id=\"370ce3c\" data-element_type=\"column\">\n\t\t\t<div class=\"elementor-widget-wrap elementor-element-populated\">\n\t\t\t\t\t\t\t\t<div class=\"elementor-element elementor-element-899f254 elementor-widget elementor-widget-iimage_box\" data-id=\"899f254\" data-element_type=\"widget\" data-widget_type=\"iimage_box.default\">\n\t\t\t\t<div class=\"elementor-widget-container\">\n\t\t\t\r\n\t\t<div class=\"ot-image-box\">\r\n\t\t\t<a href=\"\/en\/product\/powerbox-h\/\"><img loading=\"lazy\" decoding=\"async\" width=\"600\" height=\"600\" src=\"https:\/\/www.epsilon-ndt.com\/wp-content\/uploads\/2022\/05\/yeni-2.jpg\" class=\"attachment-full size-full wp-image-3960\" alt=\"\" srcset=\"https:\/\/www.epsilon-ndt.com\/wp-content\/uploads\/2022\/05\/yeni-2.jpg 600w, https:\/\/www.epsilon-ndt.com\/wp-content\/uploads\/2022\/05\/yeni-2-300x300.jpg 300w, https:\/\/www.epsilon-ndt.com\/wp-content\/uploads\/2022\/05\/yeni-2-150x150.jpg 150w\" sizes=\"auto, (max-width: 600px) 100vw, 600px\" \/><\/a>\t\t\t<div class=\"content-box\">\r\n\t\t\t\t<h5 class=\"title-box\"><a href=\"\/en\/product\/powerbox-h\/\">NDT<BR>EMAT SYSTEMS<\/a><\/h5>\t\t\t\t\t\t\t<\/div>\r\n\t\t\t<a href=\"\/en\/product\/powerbox-h\/\" class=\"link-box font-second\"><span>REV\u0130EW<\/span><i class=\"ot-flaticon-trajectory\"><\/i><\/a>\t    <\/div>\r\n\r\n\t    \t\t<\/div>\n\t\t\t\t<\/div>\n\t\t\t\t\t<\/div>\n\t\t<\/div>\n\t\t\t\t\t\t\t<\/div>\n\t\t<\/section>\n\t\t\t\t<section class=\"elementor-section elementor-top-section elementor-element elementor-element-8b3fdb4 elementor-section-boxed elementor-section-height-default elementor-section-height-default\" data-id=\"8b3fdb4\" data-element_type=\"section\">\n\t\t\t\t\t\t<div class=\"elementor-container elementor-column-gap-default\">\n\t\t\t\t\t<div class=\"elementor-column elementor-col-33 elementor-top-column elementor-element elementor-element-791b64a ot-flex-column-vertical\" data-id=\"791b64a\" data-element_type=\"column\">\n\t\t\t<div class=\"elementor-widget-wrap elementor-element-populated\">\n\t\t\t\t\t\t\t\t<div class=\"elementor-element elementor-element-303e918 elementor-widget elementor-widget-iimage_box\" data-id=\"303e918\" data-element_type=\"widget\" data-widget_type=\"iimage_box.default\">\n\t\t\t\t<div class=\"elementor-widget-container\">\n\t\t\t\r\n\t\t<div class=\"ot-image-box\">\r\n\t\t\t<a href=\"\/en\/products\/ndt\/integrated-inspection-systems\/\"><img loading=\"lazy\" decoding=\"async\" width=\"600\" height=\"600\" src=\"https:\/\/www.epsilon-ndt.com\/wp-content\/uploads\/2022\/05\/5.jpg\" class=\"attachment-full size-full wp-image-3950\" alt=\"\" srcset=\"https:\/\/www.epsilon-ndt.com\/wp-content\/uploads\/2022\/05\/5.jpg 600w, https:\/\/www.epsilon-ndt.com\/wp-content\/uploads\/2022\/05\/5-300x300.jpg 300w, https:\/\/www.epsilon-ndt.com\/wp-content\/uploads\/2022\/05\/5-150x150.jpg 150w\" sizes=\"auto, (max-width: 600px) 100vw, 600px\" \/><\/a>\t\t\t<div class=\"content-box\">\r\n\t\t\t\t<h5 class=\"title-box\"><a href=\"\/en\/products\/ndt\/integrated-inspection-systems\/\">NDT<BR>\nINTEGRATED INSPECTION SYSTEMS<\/a><\/h5>\t\t\t\t\t\t\t<\/div>\r\n\t\t\t<a href=\"\/en\/products\/ndt\/integrated-inspection-systems\/\" class=\"link-box font-second\"><span>REV\u0130EW<\/span><i class=\"ot-flaticon-trajectory\"><\/i><\/a>\t    <\/div>\r\n\r\n\t    \t\t<\/div>\n\t\t\t\t<\/div>\n\t\t\t\t\t<\/div>\n\t\t<\/div>\n\t\t\t\t<div class=\"elementor-column elementor-col-33 elementor-top-column elementor-element elementor-element-d9748b2 ot-flex-column-vertical\" data-id=\"d9748b2\" data-element_type=\"column\">\n\t\t\t<div class=\"elementor-widget-wrap\">\n\t\t\t\t\t\t\t\t\t<\/div>\n\t\t<\/div>\n\t\t\t\t<div class=\"elementor-column elementor-col-33 elementor-top-column elementor-element elementor-element-d311969 ot-flex-column-vertical\" data-id=\"d311969\" data-element_type=\"column\">\n\t\t\t<div class=\"elementor-widget-wrap\">\n\t\t\t\t\t\t\t\t\t<\/div>\n\t\t<\/div>\n\t\t\t\t\t\t\t<\/div>\n\t\t<\/section>\n\t\t\t\t\t\t\t<\/div>\n\t\t","protected":false},"excerpt":{"rendered":"<p>NDT NDT NDT ULTRASONIC FLAW DETECTORS REV\u0130EW NDT VISUAL INSPECTION REV\u0130EW NDT ANALYZING EQUIPMENTS REV\u0130EW NDT EDDY CURRENT FLAW DETECTOR REV\u0130EW NDT RADIOGRAPHIC SHOOTING AND IMAGING SYSTEMS REV\u0130EW NDT RADIATION MEASUREMENT SYSTEMS REV\u0130EW NDT MAGNETIC PARTICLE TEST EQUIPMENTS REV\u0130EW NDT PORTABLE HARDNESS TESTER REV\u0130EW NDT EMAT SYSTEMS REV\u0130EW NDT INTEGRATED INSPECTION SYSTEMS REV\u0130EW<\/p>\n","protected":false},"author":1,"featured_media":0,"parent":5693,"menu_order":0,"comment_status":"closed","ping_status":"closed","template":"","meta":{"footnotes":""},"class_list":["post-5701","page","type-page","status-publish","hentry"],"_links":{"self":[{"href":"https:\/\/www.epsilon-ndt.com\/en\/wp-json\/wp\/v2\/pages\/5701","targetHints":{"allow":["GET"]}}],"collection":[{"href":"https:\/\/www.epsilon-ndt.com\/en\/wp-json\/wp\/v2\/pages"}],"about":[{"href":"https:\/\/www.epsilon-ndt.com\/en\/wp-json\/wp\/v2\/types\/page"}],"author":[{"embeddable":true,"href":"https:\/\/www.epsilon-ndt.com\/en\/wp-json\/wp\/v2\/users\/1"}],"replies":[{"embeddable":true,"href":"https:\/\/www.epsilon-ndt.com\/en\/wp-json\/wp\/v2\/comments?post=5701"}],"version-history":[{"count":32,"href":"https:\/\/www.epsilon-ndt.com\/en\/wp-json\/wp\/v2\/pages\/5701\/revisions"}],"predecessor-version":[{"id":8068,"href":"https:\/\/www.epsilon-ndt.com\/en\/wp-json\/wp\/v2\/pages\/5701\/revisions\/8068"}],"up":[{"embeddable":true,"href":"https:\/\/www.epsilon-ndt.com\/en\/wp-json\/wp\/v2\/pages\/5693"}],"wp:attachment":[{"href":"https:\/\/www.epsilon-ndt.com\/en\/wp-json\/wp\/v2\/media?parent=5701"}],"curies":[{"name":"wp","href":"https:\/\/api.w.org\/{rel}","templated":true}]}}