{"id":5679,"date":"2022-05-16T22:09:19","date_gmt":"2022-05-16T19:09:19","guid":{"rendered":"http:\/\/www.epsilon-ndt.com\/?page_id=5679"},"modified":"2025-12-19T17:40:06","modified_gmt":"2025-12-19T14:40:06","slug":"quality","status":"publish","type":"page","link":"https:\/\/www.epsilon-ndt.com\/en\/quality\/","title":{"rendered":"Quality"},"content":{"rendered":"\t\t<div data-elementor-type=\"wp-page\" data-elementor-id=\"5679\" class=\"elementor elementor-5679 elementor-3144\">\n\t\t\t\t\t\t\t\t\t<section class=\"elementor-section elementor-top-section elementor-element elementor-element-34fdd4b elementor-section-boxed elementor-section-height-default elementor-section-height-default\" data-id=\"34fdd4b\" data-element_type=\"section\">\n\t\t\t\t\t\t<div class=\"elementor-container elementor-column-gap-default\">\n\t\t\t\t\t<div class=\"elementor-column elementor-col-100 elementor-top-column elementor-element elementor-element-8fcc64b ot-flex-column-vertical\" data-id=\"8fcc64b\" data-element_type=\"column\">\n\t\t\t<div class=\"elementor-widget-wrap elementor-element-populated\">\n\t\t\t\t\t\t\t\t<section class=\"elementor-section elementor-inner-section elementor-element elementor-element-bba44ac elementor-section-boxed elementor-section-height-default elementor-section-height-default\" data-id=\"bba44ac\" data-element_type=\"section\">\n\t\t\t\t\t\t<div class=\"elementor-container elementor-column-gap-default\">\n\t\t\t\t\t<div class=\"elementor-column elementor-col-33 elementor-inner-column elementor-element elementor-element-cb5abcc elementor-hidden-mobile ot-flex-column-vertical\" data-id=\"cb5abcc\" data-element_type=\"column\">\n\t\t\t<div class=\"elementor-widget-wrap\">\n\t\t\t\t\t\t\t\t\t<\/div>\n\t\t<\/div>\n\t\t\t\t<div class=\"elementor-column elementor-col-33 elementor-inner-column elementor-element elementor-element-f7b05e3 ot-flex-column-vertical\" data-id=\"f7b05e3\" data-element_type=\"column\">\n\t\t\t<div class=\"elementor-widget-wrap elementor-element-populated\">\n\t\t\t\t\t\t\t\t<div class=\"elementor-element elementor-element-bca7f7f elementor-widget elementor-widget-iheading\" data-id=\"bca7f7f\" data-element_type=\"widget\" data-widget_type=\"iheading.default\">\n\t\t\t\t<div class=\"elementor-widget-container\">\n\t\t\t\t\t<div class=\"ot-heading\">\r\n\t        <span class=\"is_highlight\">Quality Certificates<\/span>\t        <h3 class=\"main-head\">ISO 9001:2015<\/h3>\t    <\/div>\r\n\t    \t\t<\/div>\n\t\t\t\t<\/div>\n\t\t\t\t<div class=\"elementor-element elementor-element-16035c1 elementor-widget elementor-widget-text-editor\" data-id=\"16035c1\" data-element_type=\"widget\" data-widget_type=\"text-editor.default\">\n\t\t\t\t<div class=\"elementor-widget-container\">\n\t\t\t<style>\/*! elementor - v3.15.0 - 09-08-2023 *\/\n.elementor-widget-text-editor.elementor-drop-cap-view-stacked .elementor-drop-cap{background-color:#69727d;color:#fff}.elementor-widget-text-editor.elementor-drop-cap-view-framed .elementor-drop-cap{color:#69727d;border:3px solid;background-color:transparent}.elementor-widget-text-editor:not(.elementor-drop-cap-view-default) .elementor-drop-cap{margin-top:8px}.elementor-widget-text-editor:not(.elementor-drop-cap-view-default) .elementor-drop-cap-letter{width:1em;height:1em}.elementor-widget-text-editor .elementor-drop-cap{float:left;text-align:center;line-height:1;font-size:50px}.elementor-widget-text-editor .elementor-drop-cap-letter{display:inline-block}<\/style>\t\t\t\t<p>As top management; We expect our employees to make the highest effort and carry out the necessary work in order to implement and maintain the ISO 9001:2015 Quality Management System, and we carry out our duties sensitively in this regard.<\/p>\t\t\t\t\t\t<\/div>\n\t\t\t\t<\/div>\n\t\t\t\t\t<\/div>\n\t\t<\/div>\n\t\t\t\t<div class=\"elementor-column elementor-col-33 elementor-inner-column elementor-element elementor-element-657c2b2 ot-flex-column-vertical\" data-id=\"657c2b2\" data-element_type=\"column\">\n\t\t\t<div class=\"elementor-widget-wrap\">\n\t\t\t\t\t\t\t\t\t<\/div>\n\t\t<\/div>\n\t\t\t\t\t\t\t<\/div>\n\t\t<\/section>\n\t\t\t\t\t<\/div>\n\t\t<\/div>\n\t\t\t\t\t\t\t<\/div>\n\t\t<\/section>\n\t\t\t\t<section class=\"elementor-section elementor-top-section elementor-element elementor-element-fe55103 elementor-section-boxed elementor-section-height-default elementor-section-height-default\" data-id=\"fe55103\" data-element_type=\"section\">\n\t\t\t\t\t\t<div class=\"elementor-container elementor-column-gap-default\">\n\t\t\t\t\t<div class=\"elementor-column elementor-col-100 elementor-top-column elementor-element elementor-element-ee688dd ot-flex-column-vertical\" data-id=\"ee688dd\" data-element_type=\"column\">\n\t\t\t<div class=\"elementor-widget-wrap elementor-element-populated\">\n\t\t\t\t\t\t\t\t<div class=\"elementor-element elementor-element-9f76a71 elementor-widget elementor-widget-iiconbox_grid\" data-id=\"9f76a71\" data-element_type=\"widget\" data-widget_type=\"iiconbox_grid.default\">\n\t\t\t\t<div class=\"elementor-widget-container\">\n\t\t\t\t\t<div class=\"icon-box-grid\">\r\n\t\t\t\t\t\t<div class=\"col-md-4 no-padding\">\r\n\t\t\t\t<div class=\"icon-box\">\r\n\t\t\t\t\t<div class=\"icon-main\">\r\n\t\t\t\t\t\t<i aria-hidden=\"true\" class=\"fab fa-wpforms\"><\/i>\t\t\t\t\t<\/div>\r\n\t\t\t        <div class=\"content-box\">\r\n\t\t\t        \t\t\t\t            <h6 class=\"title-box\"><a href=\"https:\/\/www.epsilon-ndt.com\/wp-content\/uploads\/2025\/10\/NDT.POL_.01-Kalite-Politikasi_18.09.2025-.pdf\" target=\"_blank\">Kalite Politikam\u0131z NDT<\/a><\/h6>\t\t\t            <p> <a href=\/wp-content\/uploads\/2025\/10\/NDT.POL_.01-Kalite-Politikasi_18.09.2025-.pdf\n\">M\u00fc\u015fteri odakl\u0131l\u0131k prensibiyle m\u00fc\u015fteriden gelen \u00f6neri ve \u015fikayetlerini etkin bir \u015fekilde\nde\u011ferlendirerek ... \u1405<\/a><\/p>\t\t\t        <\/div>\r\n\t\t\t    <\/div>\r\n\t\t    <\/div>\r\n\t\t    \t\t\t<div class=\"col-md-4 no-padding\">\r\n\t\t\t\t<div class=\"icon-box\">\r\n\t\t\t\t\t<div class=\"icon-main\">\r\n\t\t\t\t\t\t<i aria-hidden=\"true\" class=\"far fa-star\"><\/i>\t\t\t\t\t<\/div>\r\n\t\t\t        <div class=\"content-box\">\r\n\t\t\t        \t\t\t\t            <h6 class=\"title-box\"><a href=\"https:\/\/www.epsilon-ndt.com\/wp-content\/uploads\/2025\/12\/Certificate-TR015193-Item-1-9UAT0OE.pdf\">Kalite Y\u00f6netim Sistemi Sertifikam\u0131z NDT<\/a><\/h6>\t\t\t            <p><a href=\"https:\/\/www.epsilon-ndt.com\/wp-content\/uploads\/2025\/12\/Certificate-TR015193-Item-1-9UAT0OE.pdf\n\"><b>ISO 9001:2015 Kalite Y\u00f6netim  Sertifikas\u0131<\/b>  ... \u1405<\/a><\/p>\t\t\t        <\/div>\r\n\t\t\t    <\/div>\r\n\t\t    <\/div>\r\n\t\t    \t\t\t<div class=\"col-md-4 no-padding\">\r\n\t\t\t\t<div class=\"icon-box\">\r\n\t\t\t\t\t<div class=\"icon-main\">\r\n\t\t\t\t\t\t<i aria-hidden=\"true\" class=\"fas fa-radiation-alt\"><\/i>\t\t\t\t\t<\/div>\r\n\t\t\t        <div class=\"content-box\">\r\n\t\t\t        \t\t\t\t            <h6 class=\"title-box\"><a href=\"https:\/\/www.epsilon-ndt.com\/wp-content\/uploads\/2024\/08\/Lisans-Belgesi-1660-IL-1.pdf\">NDK-Radyoaktif Kaynak veya Radyoaktif Kaynak \u0130\u00e7eren Cihazlar\u0131n \u0130thalat\u0131, \u0130hracat\u0131 ve Ta\u015f\u0131nmas\u0131 NDT<\/a><\/h6>\t\t\t            \t\t\t        <\/div>\r\n\t\t\t    <\/div>\r\n\t\t    <\/div>\r\n\t\t    \t\t\t<div class=\"col-md-4 no-padding\">\r\n\t\t\t\t<div class=\"icon-box\">\r\n\t\t\t\t\t<div class=\"icon-main\">\r\n\t\t\t\t\t\t<i aria-hidden=\"true\" class=\"fas fa-atom\"><\/i>\t\t\t\t\t<\/div>\r\n\t\t\t        <div class=\"content-box\">\r\n\t\t\t        \t\t\t\t            <h6 class=\"title-box\"><a href=\"https:\/\/www.epsilon-ndt.com\/wp-content\/uploads\/2024\/08\/1660-003-BL-1-Bakim-Onarim-ve-Radyoaktif-Kaynak-Degisimi-Lisansi.pdf\" target=\"_blank\">T\u00fcrkiye Atom Enerjisi Kurumu Lisans Belgesi -Kaynak De\u011fi\u015fim Ve Bak\u0131m Onar\u0131m NDT<\/a><\/h6>\t\t\t            \t\t\t        <\/div>\r\n\t\t\t    <\/div>\r\n\t\t    <\/div>\r\n\t\t    \t\t<\/div>\r\n\t    \t\t<\/div>\n\t\t\t\t<\/div>\n\t\t\t\t\t<\/div>\n\t\t<\/div>\n\t\t\t\t\t\t\t<\/div>\n\t\t<\/section>\n\t\t\t\t\t\t\t<\/div>\n\t\t","protected":false},"excerpt":{"rendered":"<p>Quality Certificates ISO 9001:2015 As top management; We expect our employees to make the highest effort and carry out the necessary work in order to implement and maintain the ISO 9001:2015 Quality Management System, and we carry out our duties sensitively in this regard. Kalite Politikam\u0131z NDT<\/p>\n","protected":false},"author":1,"featured_media":0,"parent":0,"menu_order":0,"comment_status":"closed","ping_status":"closed","template":"","meta":{"footnotes":""},"class_list":["post-5679","page","type-page","status-publish","hentry"],"_links":{"self":[{"href":"https:\/\/www.epsilon-ndt.com\/en\/wp-json\/wp\/v2\/pages\/5679","targetHints":{"allow":["GET"]}}],"collection":[{"href":"https:\/\/www.epsilon-ndt.com\/en\/wp-json\/wp\/v2\/pages"}],"about":[{"href":"https:\/\/www.epsilon-ndt.com\/en\/wp-json\/wp\/v2\/types\/page"}],"author":[{"embeddable":true,"href":"https:\/\/www.epsilon-ndt.com\/en\/wp-json\/wp\/v2\/users\/1"}],"replies":[{"embeddable":true,"href":"https:\/\/www.epsilon-ndt.com\/en\/wp-json\/wp\/v2\/comments?post=5679"}],"version-history":[{"count":17,"href":"https:\/\/www.epsilon-ndt.com\/en\/wp-json\/wp\/v2\/pages\/5679\/revisions"}],"predecessor-version":[{"id":9898,"href":"https:\/\/www.epsilon-ndt.com\/en\/wp-json\/wp\/v2\/pages\/5679\/revisions\/9898"}],"wp:attachment":[{"href":"https:\/\/www.epsilon-ndt.com\/en\/wp-json\/wp\/v2\/media?parent=5679"}],"curies":[{"name":"wp","href":"https:\/\/api.w.org\/{rel}","templated":true}]}}